{"id":118,"date":"2019-06-11T09:29:58","date_gmt":"2019-06-11T09:29:58","guid":{"rendered":"https:\/\/falka.sk\/mesmerize\/"},"modified":"2023-10-04T17:47:49","modified_gmt":"2023-10-04T16:47:49","slug":"mesmerize","status":"publish","type":"page","link":"https:\/\/falka.sk\/sk\/","title":{"rendered":""},"content":{"rendered":"<div  id=\"rolunk\" style=\"background-color: #f5fafd;\" data-label=\"O nas\" data-id=\"about-images-right-section-mc\" data-export-id=\"about-images-right-section-mc\" data-category=\"about\" class=\"about-images-right-section-mc content-section content-section-spacing\" data-bullets-visibility=\"true\"><div  class=\"gridContainer\"> <div  class=\"row middle-sm text-center\"><div  class=\"col-sm-5 content-left-sm\" data-type=\"column\">  <h2  class=\"\">V\u00edta \u0165a t\u00fdm historick\u00fdch eur\u00f3pskych bojov\u00fdch umen\u00ed Falka! <\/h2> <p  class=\"\">Na\u0161e zdru\u017eenie vzniklo v roku 2013 s cie\u013eom poskytn\u00fa\u0165 ka\u017ed\u00e9mu z\u00e1ujemcovi o historick\u00e9 eur\u00f3pske bojov\u00e9 umenia v okol\u00ed Kom\u00e1rna mo\u017enos\u0165 na priebe\u017en\u00fd tr\u00e9ning .<br >S \u010d\u00edm sa to vlastne zaober\u00e1me ?<br >Na konci dvadsiateho storo\u010dia  skupiny z r\u00f4znych kraj\u00edn za\u010dali znova rozv\u00edja\u0165 bojov\u00e9 umenie d\u00e1vnej eur\u00f3pskej minulosti na z\u00e1klade rukopisov poch\u00e1dzaj\u00facich zo stredoveku a rann\u00e9ho novoveku. Dnes sa u\u017e toto hnutie te\u0161\u00ed tis\u00edcom priaznivcom z cel\u00e9ho sveta. Na pomenovanie tohoto bojov\u00e9ho umenia existuje jeden celosvetovo pou\u017e\u00edvan\u00fd akronym HEMA ( historical european martial arts ).<br >Najroz\u0161\u00edrenej\u0161ia  zbra\u0148 v tejto komunite,  dlh\u00fd me\u010d je aj najviac pou\u017e\u00edvan\u00e1 a sk\u00faman\u00e1 zbra\u0148 v na\u0161ej skupine. Ved\u013ea nej sa zaober\u00e1me aj z\u00e1pasen\u00edm , d\u00fdkou , palicou , obojru\u010dn\u00fdm me\u010dom ,ale v\u010faka ostatn\u00fdm t\u00edmom , s ktor\u00fdmi udr\u017eujeme priate\u013esk\u00e9 vz\u0165ahy m\u00e1me pr\u00edstup  k v\u00fduke  akejko\u013evek zbrane , \u010di sa to t\u00fdka \u0161able  , rapieru alebo hoci aj halapartne . V\u010faka st\u00e1le narastaj\u00facemu z\u00e1ujmu o historick\u00fd \u0161erm , ako \u0161port sa celosvetovo organizuje \u010d\u00edm viac s\u00fa\u0165a\u017e\u00ed . Na\u0161i \u0161ermiari sa s ve\u013ek\u00fdm odhodlan\u00edm a ve\u013ekou rados\u0165ou z\u00fa\u010dastnili a dokonca dosiahly  vynikaj\u00face \u00faspechy na r\u00f4znych turnajoch na Slovensku , v Ma\u010farsku ,  Po\u013esku , Rak\u00fasku a Franc\u00fazsku.<\/p> <\/div> <div  class=\"col-sm-7 space-bottom-xs\"><div  class=\"image-group-side-3-img\"> <a data-cp-link=\"1\" href=\"#\" target=\"_self\" rel=\"noopener\"><img  decoding=\"async\" class=\"topimg shadow-large\" src=\"https:\/\/falka.sk\/wp-content\/uploads\/2018\/07\/cropped-IMG_8551-e1534503688474-1.jpg\"><\/a> <a data-cp-link=\"1\" href=\"#\" target=\"_self\" rel=\"noopener\"><img  decoding=\"async\" class=\"rightimg shadow-large\" src=\"https:\/\/falka.sk\/wp-content\/uploads\/2018\/07\/cropped-IMG_8544-e1534503661172-1.jpg\"><\/a> <div  class=\"leftimg\"> <a data-cp-link=\"1\" href=\"#\" target=\"_self\" rel=\"noopener\"><img  decoding=\"async\" class=\"shadow-large\" src=\"https:\/\/falka.sk\/wp-content\/uploads\/2018\/07\/cropped-IMG_8528-e1534503647834-1.jpg\"><\/a><\/div> <\/div><\/div> <\/div><\/div> <\/div><div  id=\"egyesuleti-tagogok\" style=\"background-color: #ffffff;\" data-label=\"Tim\" data-id=\"team-5-mc\" data-export-id=\"team-5-mc\" data-category=\"team\" class=\"team-5-mc content-section content-section-spacing\" data-bullets-visibility=\"true\"><div  class=\"gridContainer\"> <div  class=\"row text-center\"><div  class=\"section-title-col\" data-type=\"column\">  <h2  class=\"\">T\u00edm<\/h2> <\/div> <\/div> <div  class=\"row spaced-cols content-center-sm\" data-type=\"row\">  <div  class=\"col-xs-12 col-sm-6 col-md-3 col-padding\"> <div  class=\"row \"> <div  data-type=\"column\" class=\"col-xs-12 col-sm-12\"> <a data-cp-link=\"1\" href=\"#\" class=\"\" target=\"_self\" rel=\"noopener\"><img  decoding=\"async\" class=\"round face\" src=\"https:\/\/falka.sk\/wp-content\/uploads\/2019\/12\/cropped-Kacz-1.jpeg\"><\/a> <h4  class=\"font-500\">Kacz G\u00e1bor<\/h4> <p  class=\"italic\">\u010clen o.z.\n<br >Administr\u00e1cia<\/p>  <div  class=\"social-icons-group\" data-type=\"group\"> <a href=\"#\" target=\"_self\" data-reiki-hidden=\"true\" rel=\"noopener\"><i  class=\"gray fa icon fa-facebook-square\"><\/i><\/a> <a href=\"#\" target=\"_self\" data-reiki-hidden=\"true\" rel=\"noopener\"><i  class=\"gray fa icon fa-twitter-square\"><\/i><\/a> <a href=\"#\" target=\"_self\" data-reiki-hidden=\"true\" rel=\"noopener\"><i  class=\"gray fa icon fa-linkedin-square\"><\/i><\/a> <a href=\"#\" target=\"_self\" data-reiki-hidden=\"true\" rel=\"noopener\"><i  class=\"gray fa icon fa-google-plus-square\"><\/i><\/a><\/div> <\/div><\/div> <\/div><div  class=\"col-xs-12 col-sm-6 col-md-3 col-padding\"> <div  class=\"row \"> <div  data-type=\"column\" class=\"col-xs-12 col-sm-12\"> <a data-cp-link=\"1\" href=\"#\" class=\"\" target=\"_self\" rel=\"noopener\"><img  decoding=\"async\" class=\"round face\" src=\"https:\/\/falka.sk\/wp-content\/uploads\/2019\/11\/cropped-Zikk-1.jpg\" alt=\"\" title=\"cropped-IMG_8503-e1534503581921.jpg\"><\/a> <h4  class=\"font-500\">Czelder J\u00f3zsef<\/h4> <p  class=\"italic\">\u010clen o.z.\n<br >Tr\u00e9ner<\/p>  <div  class=\"social-icons-group\" data-type=\"group\"> <a href=\"#\" target=\"_self\" data-reiki-hidden=\"true\" rel=\"noopener\"><i  class=\"gray fa icon fa-facebook-square\"><\/i><\/a> <a href=\"#\" target=\"_self\" data-reiki-hidden=\"true\" rel=\"noopener\"><i  class=\"gray fa icon fa-twitter-square\"><\/i><\/a> <a href=\"#mindenfele.emilek@gmail.com\" target=\"_self\" data-reiki-hidden=\"true\" rel=\"noopener\"><i  class=\"gray fa icon fa-envelope-o\"><\/i><\/a> <a href=\"#\" target=\"_self\" data-reiki-hidden=\"true\" rel=\"noopener\"><i  class=\"gray fa icon fa-google-plus-square\"><\/i><\/a><\/div> <\/div><\/div> <\/div> <div  class=\"col-xs-12 col-sm-6 col-md-3 col-padding\"> <div  class=\"row \"> <div  data-type=\"column\" class=\"col-xs-12 col-sm-12\"> <a data-cp-link=\"1\" href=\"#\" class=\"\" target=\"_self\" rel=\"noopener\"><img  decoding=\"async\" class=\"round face\" src=\"https:\/\/falka.sk\/wp-content\/uploads\/2019\/11\/cropped-karolyZsolt-1.jpg\"><\/a> <h4  class=\"font-500\">Karoly Zsolt<\/h4> <p  class=\"italic\">\u010clen o.z. <br >Tr\u00e9ner<\/p>  <div  class=\"social-icons-group\" data-type=\"group\"> <a href=\"#\" target=\"_self\" data-reiki-hidden=\"true\" rel=\"noopener\"><i  class=\"gray fa icon fa-facebook-square\"><\/i><\/a> <a href=\"#\" target=\"_self\" data-reiki-hidden=\"true\" rel=\"noopener\"><i  class=\"gray fa icon fa-twitter-square\"><\/i><\/a> <a href=\"#\" target=\"_self\" data-reiki-hidden=\"true\" rel=\"noopener\"><i  class=\"gray fa icon fa-linkedin-square\"><\/i><\/a> <a href=\"#\" target=\"_self\" data-reiki-hidden=\"true\" rel=\"noopener\"><i  class=\"gray fa icon fa-google-plus-square\"><\/i><\/a><\/div> <\/div><\/div> <\/div> <div  class=\"col-xs-12 col-sm-6 col-md-3 col-padding\"> <div  class=\"row \"> <div  data-type=\"column\" class=\"col-xs-12 col-sm-12\"> <a data-cp-link=\"1\" href=\"#\" class=\"\" target=\"_self\" rel=\"noopener\"><img  decoding=\"async\" class=\"round face\" src=\"https:\/\/falka.sk\/wp-content\/uploads\/2019\/11\/cropped-Gaspar-Norbert-1.jpg\"><\/a> <h4  class=\"font-500\">G\u00e1sp\u00e1r Norbert<\/h4> <p  class=\"italic\">\u010clen o.z. <\/p>  <div  class=\"social-icons-group\" data-type=\"group\"> <a href=\"#\" target=\"_self\" data-reiki-hidden=\"true\" rel=\"noopener\"><i  class=\"gray fa icon fa-facebook-square\"><\/i><\/a> <a href=\"#\" target=\"_self\" data-reiki-hidden=\"true\" rel=\"noopener\"><i  class=\"gray fa icon fa-twitter-square\"><\/i><\/a> <a href=\"#\" target=\"_self\" data-reiki-hidden=\"true\" rel=\"noopener\"><i  class=\"gray fa icon fa-linkedin-square\"><\/i><\/a> <a href=\"#\" target=\"_self\" data-reiki-hidden=\"true\" rel=\"noopener\"><i  class=\"gray fa icon fa-google-plus-square\"><\/i><\/a><\/div> <\/div><\/div> <\/div><div  class=\"col-xs-12 col-sm-6 col-md-3 col-padding\"> <div  class=\"row \"> <div  data-type=\"column\" class=\"col-xs-12 col-sm-12\"> <a data-cp-link=\"1\" href=\"#\" class=\"\" target=\"_self\" rel=\"noopener\"><img  decoding=\"async\" class=\"round face\" src=\"https:\/\/falka.sk\/wp-content\/uploads\/2019\/11\/cropped-FabianDaniel-1.jpg\"><\/a> <h4  class=\"font-500\">F\u00e1bi\u00e1n D\u00e1niel<\/h4> <p  class=\"italic\">\u010clen o.z. <\/p>  <div  class=\"social-icons-group\" data-type=\"group\"> <a href=\"#\" target=\"_self\" data-reiki-hidden=\"true\" rel=\"noopener\"><i  class=\"gray fa icon fa-facebook-square\"><\/i><\/a> <a href=\"#\" target=\"_self\" data-reiki-hidden=\"true\" rel=\"noopener\"><i  class=\"gray fa icon fa-twitter-square\"><\/i><\/a> <a href=\"#\" target=\"_self\" data-reiki-hidden=\"true\" rel=\"noopener\"><i  class=\"gray fa icon fa-linkedin-square\"><\/i><\/a> <a href=\"#\" target=\"_self\" data-reiki-hidden=\"true\" rel=\"noopener\"><i  class=\"gray fa icon fa-google-plus-square\"><\/i><\/a><\/div> <\/div><\/div> <\/div><\/div> <\/div><\/div><div  data-label=\"Udalosti\" data-id=\"content--1\" data-export-id=\"content-12\" data-category=\"content\" class=\"content-12 content-section content-section-spacing\" id=\"rendezvenyek\" style=\"background-color: rgb(245, 250, 253); background-image: none;\"><div  class=\"gridContainer\"> <div  class=\"row text-center\"><div  class=\"section-title-col\" data-type=\"column\"> <h2  class=\"\">Udalosti<\/h2> <p  class=\"lead\">Tr\u00e9ningy v piatok v malej telocvi\u010dni Z\u0160 Munka utca v Kom\u00e1rne od 17:30 do 19:30.<\/p><\/div> <\/div> <div  class=\"row center-xs middle-xs\"> <div  class=\"col-sm-9\" data-type=\"column\"> <\/div> <\/div><\/div> <\/div><div  data-label=\"Partneri\" data-id=\"clients--2\" data-export-id=\"clients-1\" data-category=\"clients\" class=\"clients-1 content-section content-section-spacing\" id=\"partnereink\" style=\"background-color: rgb(255, 255, 255);\"><div  class=\"gridContainer\"> <div  class=\"row middle-sm\"><div  data-type=\"column\" class=\"col-sm-6 space-bottom-xs\"> <h2  class=\"font-700\">Partneri<\/h2> <\/div> <div  class=\"col-sm-6\"><div  data-type=\"row\" class=\"row spaced-cols center-xs padding-lr\"> <div  class=\"col-xs-3\"> <a data-cp-link=\"1\" href=\"https:\/\/www.indes.at\" class=\"\" target=\"_blank\" rel=\"noopener\"><img  decoding=\"async\" src=\"https:\/\/falka.sk\/wp-content\/uploads\/2019\/12\/cropped-indes_at-1.png\" class=\"desaturate\"><\/a><h6  class=\"\">indes<\/h6><\/div> <div  class=\"col-xs-3\"> <a data-cp-link=\"1\" href=\"https:\/\/www.pokerarmory.com\" class=\"\" target=\"_blank\" rel=\"noopener\"><img  decoding=\"async\" src=\"https:\/\/falka.sk\/wp-content\/uploads\/2019\/12\/cropped-pokerarmory-1.jpg\" class=\"desaturate\"><\/a><h6  class=\"\">pokerarmory<\/h6><\/div> <div  class=\"col-xs-3\"> <a data-cp-link=\"1\" href=\"http:\/\/sermiari.sk\" class=\"\" target=\"_blank\" rel=\"noopener\"><img  decoding=\"async\" src=\"https:\/\/falka.sk\/wp-content\/uploads\/2019\/12\/cropped-sermiari_sk-1.jpg\" class=\"desaturate\"><\/a><h6  class=\"\">sermiari<\/h6><\/div> <div  class=\"col-xs-3\"> <a data-cp-link=\"1\" href=\"http:\/\/ifhema.com\" class=\"\" target=\"_blank\" rel=\"noopener\"><img  decoding=\"async\" src=\"https:\/\/falka.sk\/wp-content\/uploads\/2019\/12\/cropped-ifhema-1.png\" class=\"desaturate\"><\/a><h6  class=\"\">ifhema<\/h6><\/div> <div  class=\"col-xs-3\"> <a data-cp-link=\"1\" href=\"http:\/\/www.tsc.sk\" class=\"\" target=\"_blank\" rel=\"noopener\"><img  decoding=\"async\" src=\"https:\/\/falka.sk\/wp-content\/uploads\/2019\/12\/cropped-tsc_sk-1.jpg\" class=\"desaturate\"><\/a><h6  class=\"\">tsc<\/h6><\/div><div  class=\"col-xs-3\"> <a data-cp-link=\"1\" href=\"https:\/\/www.arsensis.hu\" class=\"\" target=\"_blank\" rel=\"noopener\"><img  decoding=\"async\" src=\"https:\/\/falka.sk\/wp-content\/uploads\/2019\/12\/cropped-arsensis_hu-2.png\" class=\"desaturate\"><\/a><h6  class=\"\">arsensis<\/h6><\/div><div  class=\"col-xs-3\"> <a data-cp-link=\"1\" href=\"https:\/\/kardrendje.hu\" class=\"\" target=\"_blank\" rel=\"noopener\"><img  decoding=\"async\" src=\"https:\/\/falka.sk\/wp-content\/uploads\/2019\/12\/cropped-kr_logo_top.png\" class=\"desaturate\"><\/a><h6  class=\"\">kard rendje\n<\/h6><\/div><div  class=\"col-xs-3\"> <a data-cp-link=\"1\" href=\"https:\/\/go-now.pl\" class=\"\" target=\"_blank\" rel=\"noopener\"><img  decoding=\"async\" src=\"https:\/\/falka.sk\/wp-content\/uploads\/2019\/12\/cropped-logo-go-now-350.png\" class=\"desaturate\"><\/a><h6  class=\"\">go-now<\/h6><\/div><div  class=\"col-xs-3\"> <p  class=\"\"><\/p><\/div><\/div><\/div> <\/div><\/div> <\/div><div  data-label=\"Kontakt\" data-id=\"clients--1\" data-export-id=\"clients-4\" data-category=\"clients\" class=\"clients-4 content-section content-section-spacing-small\" id=\"elerhetosegek\" style=\"background-color: rgb(245, 250, 253);\" data-bullets-visibility=\"true\"><div  class=\"gridContainer\"> <div  class=\"row\"><div  data-type=\"column\" class=\"section-title-col\"> <h2  class=\"font-700\">Kontakt<\/h2> <\/div> <\/div> <div  data-type=\"row\" class=\"row spaced-cols middle-xs center-xs space-bottom padding-lr\"> <div  class=\"col-xs-6 col-sm-2\"> <a data-cp-link=\"1\" href=\"#\" class=\"\" target=\"_self\" rel=\"noopener\"><img  decoding=\"async\" src=\"https:\/\/falka.sk\/wp-content\/uploads\/2018\/07\/cropped-Address-e1534503830977-3.png\" class=\"\"><\/a><h6  class=\"\"><\/h6><h5  class=\"\" style=\"outline: rgb(204, 204, 204) solid 1px;\">Kom\u00e1rno,&nbsp;<br >Mal\u00e1 Jarkov\u00e1 14A; 945 01<\/h5><\/div> <div  class=\"col-xs-6 col-sm-2\"> <a data-cp-link=\"1\" href=\"#\" class=\"\" target=\"_self\" rel=\"noopener\"><img  decoding=\"async\" src=\"https:\/\/falka.sk\/wp-content\/uploads\/2018\/07\/cropped-mail-e1534503809127-3.png\" class=\"\"><\/a><h6  class=\"\">e-mail: info@falka.sk<\/h6><\/div> <div  class=\"col-xs-6 col-sm-2\"> <a data-cp-link=\"1\" href=\"#\" class=\"\" target=\"_self\" rel=\"noopener\"><img  decoding=\"async\" src=\"https:\/\/falka.sk\/wp-content\/uploads\/2018\/07\/cropped-phone-e1534503840717-7.png\" class=\"\"><\/a><h6  class=\"\">Czelder J\u00f3zsef: +421 908 306 639<\/h6><\/div> <div  class=\"col-xs-6 col-sm-2\"> <a data-cp-link=\"1\" href=\"#\" class=\"\" target=\"_self\" rel=\"noopener\"><img  decoding=\"async\" src=\"https:\/\/falka.sk\/wp-content\/uploads\/2018\/07\/cropped-phone-e1534503840717-8.png\" class=\"\"><\/a><h6  class=\"\"><span  style=\"font-size: 16px;\">Kacz G\u00e1bor: +421 915 710 579<\/span><\/h6><\/div>   <\/div><\/div> <\/div><div  data-label=\"Cta\" data-id=\"cta--1\" data-export-id=\"cta-blue-section\" data-category=\"cta\" class=\"cta-blue-section content-section content-section-spacing-medium bg-color1 white-text\" id=\"cta-1\"><div  class=\"gridContainer\"> <div  class=\"row middle-xs\"><div  class=\"col-sm-8 space-bottom-xs\" data-type=\"column\"> <h1  class=\"\">Partneri:<\/h1> <img decoding=\"async\"  class=\"custom-image\" src=\"https:\/\/falka.sk\/wp-content\/uploads\/2023\/07\/cropped-cropped-cropped-bga_alap_logo-e1689151919497.png\" title=\"\" alt=\"\"><img decoding=\"async\"  class=\"custom-image\" src=\"https:\/\/falka.sk\/wp-content\/uploads\/2023\/07\/cropped-2022-megvalosult-e1689152016267-3.jpg\" title=\"\" alt=\"\"><\/div> <div  class=\"col-sm-4 end-sm\" data-type=\"column\"><img  decoding=\"async\" class=\"custom-image\" src=\"https:\/\/falka.sk\/wp-content\/uploads\/2019\/12\/cropped-Farebny_erb-text_horizontalne-1.jpg\" alt=\"\" title=\"cropped-Farebny_erb-text_horizontalne-1.jpg\"> <img  decoding=\"async\" class=\"custom-image\" src=\"https:\/\/falka.sk\/wp-content\/uploads\/2019\/12\/cropped-KNLogo-1.jpg\" alt=\"\" title=\"cropped-KNLogo-1.jpg\"><\/div> <\/div><\/div> <\/div>","protected":false},"excerpt":{"rendered":"<p>V\u00edta \u0165a t\u00fdm historick\u00fdch eur\u00f3pskych bojov\u00fdch umen\u00ed Falka! Na\u0161e zdru\u017eenie vzniklo v roku 2013 s cie\u013eom poskytn\u00fa\u0165 ka\u017ed\u00e9mu z\u00e1ujemcovi o historick\u00e9 eur\u00f3pske bojov\u00e9 umenia v okol\u00ed Kom\u00e1rna mo\u017enos\u0165 na priebe\u017en\u00fd tr\u00e9ning .S \u010d\u00edm sa to vlastne zaober\u00e1me ?Na konci dvadsiateho storo\u010dia skupiny z r\u00f4znych kraj\u00edn za\u010dali znova rozv\u00edja\u0165 bojov\u00e9 umenie d\u00e1vnej eur\u00f3pskej minulosti na z\u00e1klade&hellip; <br \/> <a class=\"read-more\" href=\"https:\/\/falka.sk\/sk\/\">Read more<\/a><\/p>\n","protected":false},"author":1,"featured_media":0,"parent":0,"menu_order":0,"comment_status":"closed","ping_status":"closed","template":"page-templates\/homepage.php","meta":[],"_links":{"self":[{"href":"https:\/\/falka.sk\/sk\/wp-json\/wp\/v2\/pages\/118"}],"collection":[{"href":"https:\/\/falka.sk\/sk\/wp-json\/wp\/v2\/pages"}],"about":[{"href":"https:\/\/falka.sk\/sk\/wp-json\/wp\/v2\/types\/page"}],"author":[{"embeddable":true,"href":"https:\/\/falka.sk\/sk\/wp-json\/wp\/v2\/users\/1"}],"replies":[{"embeddable":true,"href":"https:\/\/falka.sk\/sk\/wp-json\/wp\/v2\/comments?post=118"}],"version-history":[{"count":86,"href":"https:\/\/falka.sk\/sk\/wp-json\/wp\/v2\/pages\/118\/revisions"}],"predecessor-version":[{"id":557,"href":"https:\/\/falka.sk\/sk\/wp-json\/wp\/v2\/pages\/118\/revisions\/557"}],"wp:attachment":[{"href":"https:\/\/falka.sk\/sk\/wp-json\/wp\/v2\/media?parent=118"}],"curies":[{"name":"wp","href":"https:\/\/api.w.org\/{rel}","templated":true}]}}